{"id":1942,"date":"2024-03-27T16:40:40","date_gmt":"2024-03-27T15:40:40","guid":{"rendered":"https:\/\/vie-scolaire.ac-besancon.fr\/?page_id=1942"},"modified":"2024-03-27T16:53:23","modified_gmt":"2024-03-27T15:53:23","slug":"textes-reglementaires-metier-de-cpe","status":"publish","type":"page","link":"https:\/\/vie-scolaire.ac-besancon.fr\/?page_id=1942","title":{"rendered":"Textes r\u00e9glementaires &#8211; M\u00e9tier de CPE"},"content":{"rendered":"<p>Le r\u00e9f\u00e9rentiel de comp\u00e9tences des m\u00e9tiers du professorat et de l&rsquo;\u00e9ducation : <a href=\"https:\/\/www.education.gouv.fr\/le-referentiel-de-competences-des-metiers-du-professorat-et-de-l-education-5753\">https:\/\/www.education.gouv.fr\/le-referentiel-de-competences-des-metiers-du-professorat-et-de-l-education-5753<\/a><\/p>\n<p>Mission des CPE (circulaire 2015) : <a href=\"https:\/\/www.education.gouv.fr\/bo\/15\/Hebdo31\/MENH1517711C.htm\">https:\/\/www.education.gouv.fr\/bo\/15\/Hebdo31\/MENH1517711C.htm<\/a><\/p>\n<p>Organisation du temps de travail dans la fonction publique (d\u00e9cret 2000-815, article 3) : <a href=\"https:\/\/www.legifrance.gouv.fr\/loda\/article_lc\/LEGIARTI000023953046\">https:\/\/www.legifrance.gouv.fr\/loda\/article_lc\/LEGIARTI000023953046<\/a><\/p>\n<p>Missions particuli\u00e8res (D\u00e9cret 2015-475) : <a href=\"https:\/\/www.legifrance.gouv.fr\/loda\/id\/JORFTEXT000030533522\">https:\/\/www.legifrance.gouv.fr\/loda\/id\/JORFTEXT000030533522<\/a><\/p>\n<p>Logement par NAS (D\u00e9cret 2002-1146) : <a href=\"https:\/\/www.legifrance.gouv.fr\/loda\/id\/JORFTEXT000000227857\">https:\/\/www.legifrance.gouv.fr\/loda\/id\/JORFTEXT000000227857<\/a><\/p>\n<p>PPCR &#8211; Document de r\u00e9f\u00e9rence de l&rsquo;entretien :<\/p>\n","protected":false},"excerpt":{"rendered":"<p>Le r\u00e9f\u00e9rentiel de comp\u00e9tences des m\u00e9tiers du professorat et de l&rsquo;\u00e9ducation : https:\/\/www.education.gouv.fr\/le-referentiel-de-competences-des-metiers-du-professorat-et-de-l-education-5753 Mission des CPE (circulaire 2015) : https:\/\/www.education.gouv.fr\/bo\/15\/Hebdo31\/MENH1517711C.htm Organisation du temps de travail dans la fonction publique (d\u00e9cret 2000-815, article 3) : https:\/\/www.legifrance.gouv.fr\/loda\/article_lc\/LEGIARTI000023953046 Missions particuli\u00e8res (D\u00e9cret 2015-475) :<\/p>\n","protected":false},"author":207,"featured_media":0,"parent":0,"menu_order":0,"comment_status":"closed","ping_status":"closed","template":"","meta":{"footnotes":""},"class_list":["post-1942","page","type-page","status-publish","hentry"],"_links":{"self":[{"href":"https:\/\/vie-scolaire.ac-besancon.fr\/index.php?rest_route=\/wp\/v2\/pages\/1942","targetHints":{"allow":["GET"]}}],"collection":[{"href":"https:\/\/vie-scolaire.ac-besancon.fr\/index.php?rest_route=\/wp\/v2\/pages"}],"about":[{"href":"https:\/\/vie-scolaire.ac-besancon.fr\/index.php?rest_route=\/wp\/v2\/types\/page"}],"author":[{"embeddable":true,"href":"https:\/\/vie-scolaire.ac-besancon.fr\/index.php?rest_route=\/wp\/v2\/users\/207"}],"replies":[{"embeddable":true,"href":"https:\/\/vie-scolaire.ac-besancon.fr\/index.php?rest_route=%2Fwp%2Fv2%2Fcomments&post=1942"}],"version-history":[{"count":2,"href":"https:\/\/vie-scolaire.ac-besancon.fr\/index.php?rest_route=\/wp\/v2\/pages\/1942\/revisions"}],"predecessor-version":[{"id":1946,"href":"https:\/\/vie-scolaire.ac-besancon.fr\/index.php?rest_route=\/wp\/v2\/pages\/1942\/revisions\/1946"}],"wp:attachment":[{"href":"https:\/\/vie-scolaire.ac-besancon.fr\/index.php?rest_route=%2Fwp%2Fv2%2Fmedia&parent=1942"}],"curies":[{"name":"wp","href":"https:\/\/api.w.org\/{rel}","templated":true}]}}